{"id":235,"date":"2026-03-11T15:49:24","date_gmt":"2026-03-11T15:49:24","guid":{"rendered":"https:\/\/lago.cleverinstance.com\/?page_id=235"},"modified":"2026-04-06T18:51:23","modified_gmt":"2026-04-06T18:51:23","slug":"nosotros","status":"publish","type":"page","link":"https:\/\/lago.cleverinstance.com\/en\/nosotros\/","title":{"rendered":"About Us"},"content":{"rendered":"\t\t<div data-elementor-type=\"wp-page\" data-elementor-id=\"235\" class=\"elementor elementor-235\" data-elementor-post-type=\"page\">\n\t\t\t\t<div class=\"elementor-element elementor-element-3b4360b6 e-flex e-con-boxed e-con e-parent\" data-id=\"3b4360b6\" data-element_type=\"container\" data-e-type=\"container\" data-settings=\"{&quot;background_background&quot;:&quot;classic&quot;}\">\n\t\t\t\t\t<div class=\"e-con-inner\">\n\t\t\t\t<div class=\"elementor-element elementor-element-1e1801cc elementor-headline--style-highlight elementor-widget elementor-widget-animated-headline\" data-id=\"1e1801cc\" data-element_type=\"widget\" data-e-type=\"widget\" data-settings=\"{&quot;headline_style&quot;:&quot;highlight&quot;,&quot;marker&quot;:&quot;circle&quot;,&quot;loop&quot;:&quot;yes&quot;,&quot;highlight_animation_duration&quot;:1200,&quot;highlight_iteration_delay&quot;:8000}\" data-widget_type=\"animated-headline.default\">\n\t\t\t\t\t\t\t<h3 class=\"elementor-headline\">\n\t\t\t\t\t<span class=\"elementor-headline-plain-text elementor-headline-text-wrapper\">Nosotros<\/span>\n\t\t\t\t<span class=\"elementor-headline-dynamic-wrapper elementor-headline-text-wrapper\">\n\t\t\t\t<\/span>\n\t\t\t\t<\/h3>\n\t\t\t\t\t\t<\/div>\n\t\t\t\t<div class=\"elementor-element elementor-element-7bda2a44 elementor-widget__width-initial elementor-widget elementor-widget-text-editor\" data-id=\"7bda2a44\" data-element_type=\"widget\" data-e-type=\"widget\" data-widget_type=\"text-editor.default\">\n\t\t\t\t\t\t\t\t\t<p><b>[\u00a0<\/b><strong style=\"font-size: 1rem;\">LAGO RENT A CAR ]<\/strong><\/p>\t\t\t\t\t\t\t\t<\/div>\n\t\t\t\t\t<\/div>\n\t\t\t\t<\/div>\n\t\t<div class=\"elementor-element elementor-element-4c4a323a e-flex e-con-boxed e-con e-parent\" data-id=\"4c4a323a\" data-element_type=\"container\" data-e-type=\"container\" data-settings=\"{&quot;background_background&quot;:&quot;classic&quot;}\">\n\t\t\t\t\t<div class=\"e-con-inner\">\n\t\t<div class=\"elementor-element elementor-element-6a0e3c2c e-con-full e-flex e-con e-child\" data-id=\"6a0e3c2c\" data-element_type=\"container\" data-e-type=\"container\">\n\t\t<div class=\"elementor-element elementor-element-588cad68 e-con-full e-flex e-con e-child\" data-id=\"588cad68\" data-element_type=\"container\" data-e-type=\"container\" data-settings=\"{&quot;background_background&quot;:&quot;classic&quot;}\">\n\t\t\t\t<\/div>\n\t\t\t\t<\/div>\n\t\t<div class=\"elementor-element elementor-element-7b11b5e0 e-con-full e-flex e-con e-child\" data-id=\"7b11b5e0\" data-element_type=\"container\" data-e-type=\"container\">\n\t\t\t\t<div class=\"elementor-element elementor-element-4723c3b6 elementor-widget__width-auto elementor-tablet-align-center elementor-icon-list--layout-traditional elementor-list-item-link-full_width elementor-widget elementor-widget-icon-list\" data-id=\"4723c3b6\" data-element_type=\"widget\" data-e-type=\"widget\" data-widget_type=\"icon-list.default\">\n\t\t\t\t\t\t\t<ul class=\"elementor-icon-list-items\">\n\t\t\t\t\t\t\t<li class=\"elementor-icon-list-item\">\n\t\t\t\t\t\t\t\t\t\t\t<span class=\"elementor-icon-list-icon\">\n\t\t\t\t\t\t\t<i aria-hidden=\"true\" class=\"icon icon-car\"><\/i>\t\t\t\t\t\t<\/span>\n\t\t\t\t\t\t\t\t\t\t<span class=\"elementor-icon-list-text\">Sobre nosotros<\/span>\n\t\t\t\t\t\t\t\t\t<\/li>\n\t\t\t\t\t\t<\/ul>\n\t\t\t\t\t\t<\/div>\n\t\t\t\t<div class=\"elementor-element elementor-element-143335cd elementor-headline--style-highlight elementor-widget elementor-widget-animated-headline\" data-id=\"143335cd\" data-element_type=\"widget\" data-e-type=\"widget\" data-settings=\"{&quot;highlighted_text&quot;:&quot;Alquiler de Veh\\u00edculos&quot;,&quot;headline_style&quot;:&quot;highlight&quot;,&quot;marker&quot;:&quot;circle&quot;,&quot;loop&quot;:&quot;yes&quot;,&quot;highlight_animation_duration&quot;:1200,&quot;highlight_iteration_delay&quot;:8000}\" data-widget_type=\"animated-headline.default\">\n\t\t\t\t\t\t\t<h2 class=\"elementor-headline\">\n\t\t\t\t\t<span class=\"elementor-headline-plain-text elementor-headline-text-wrapper\">El Mejor Servicio de<\/span>\n\t\t\t\t<span class=\"elementor-headline-dynamic-wrapper elementor-headline-text-wrapper\">\n\t\t\t\t\t<span class=\"elementor-headline-dynamic-text elementor-headline-text-active\">Alquiler de Veh\u00edculos<\/span>\n\t\t\t\t<\/span>\n\t\t\t\t\t<span class=\"elementor-headline-plain-text elementor-headline-text-wrapper\">que puedes encontrar<\/span>\n\t\t\t\t\t<\/h2>\n\t\t\t\t\t\t<\/div>\n\t\t\t\t<div class=\"elementor-element elementor-element-5f76dbb7 elementor-widget elementor-widget-text-editor\" data-id=\"5f76dbb7\" data-element_type=\"widget\" data-e-type=\"widget\" data-widget_type=\"text-editor.default\">\n\t\t\t\t\t\t\t\t\t<blockquote><p>En <strong>LAGO Rent a Car<\/strong> nos enfocamos en tus necesidades al momento de rentar un veh\u00edculo. Sabemos que alquilar un auto en el extranjero puede ser engorroso, por lo que hacer de tu viaje una experiencia fluida y segura es nuestra mayor prioridad. Garantizamos el excelente estado mec\u00e1nico y est\u00e9tico de cada unidad para que disfrutes de tu estad\u00eda en Nicaragua con total tranquilidad.<\/p><\/blockquote>\t\t\t\t\t\t\t\t<\/div>\n\t\t\t\t<div class=\"elementor-element elementor-element-15ebf7cd elementor-widget elementor-widget-elementskit-progressbar\" data-id=\"15ebf7cd\" data-element_type=\"widget\" data-e-type=\"widget\" data-widget_type=\"elementskit-progressbar.default\">\n\t\t\t\t<div class=\"elementor-widget-container\">\n\t\t\t\t\t<div class=\"ekit-wid-con\" >        <div class=\"waypoint-tigger\">\n            <div class=\"skillbar-group tooltip-style3\" data-progress-bar=\"\">\n                <div class=\"single-skill-bar\">\n                                            <div class=\"skill-bar-content\">\n                            <span class=\"skill-title\">Seguridad y Mantenimiento<\/span>\n                        <\/div><!-- .skill-bar-content END -->\n                        <div class=\"skill-bar\">\n                            <div class=\"skill-track\">\n                                \n                                <div class=\"number-percentage-wraper\">\n                                    <span class=\"number-percentage\" data-value=\"100\" data-animation-duration=\"3500\">0<\/span>%\n\n                                                                    <\/div>\n                            <\/div>\n                        <\/div><!-- .skill-bar END -->\n                                    <\/div><!-- .single-skill-bar END -->\n            <\/div><!-- .skillbar-group END -->\n        <\/div>\n        <\/div>\t\t\t\t<\/div>\n\t\t\t\t<\/div>\n\t\t\t\t<div class=\"elementor-element elementor-element-7a2f0ee elementor-widget elementor-widget-elementskit-progressbar\" data-id=\"7a2f0ee\" data-element_type=\"widget\" data-e-type=\"widget\" data-widget_type=\"elementskit-progressbar.default\">\n\t\t\t\t<div class=\"elementor-widget-container\">\n\t\t\t\t\t<div class=\"ekit-wid-con\" >        <div class=\"waypoint-tigger\">\n            <div class=\"skillbar-group tooltip-style3\" data-progress-bar=\"\">\n                <div class=\"single-skill-bar\">\n                                            <div class=\"skill-bar-content\">\n                            <span class=\"skill-title\">Satisfacci\u00f3n del Cliente<\/span>\n                        <\/div><!-- .skill-bar-content END -->\n                        <div class=\"skill-bar\">\n                            <div class=\"skill-track\">\n                                \n                                <div class=\"number-percentage-wraper\">\n                                    <span class=\"number-percentage\" data-value=\"100\" data-animation-duration=\"3500\">0<\/span>%\n\n                                                                    <\/div>\n                            <\/div>\n                        <\/div><!-- .skill-bar END -->\n                                    <\/div><!-- .single-skill-bar END -->\n            <\/div><!-- .skillbar-group END -->\n        <\/div>\n        <\/div>\t\t\t\t<\/div>\n\t\t\t\t<\/div>\n\t\t\t\t<div class=\"elementor-element elementor-element-29ed5efb elementor-tablet-align-center elementor-widget elementor-widget-button\" data-id=\"29ed5efb\" data-element_type=\"widget\" data-e-type=\"widget\" data-widget_type=\"button.default\">\n\t\t\t\t\t\t\t\t\t\t<a class=\"elementor-button elementor-button-link elementor-size-sm elementor-animation-wobble-horizontal\" href=\"https:\/\/www.facebook.com\/LagoRentaCar\/\" target=\"_blank\">\n\t\t\t\t\t\t<span class=\"elementor-button-content-wrapper\">\n\t\t\t\t\t\t<span class=\"elementor-button-icon\">\n\t\t\t\t<i aria-hidden=\"true\" class=\" ti-arrow-top-right\"><\/i>\t\t\t<\/span>\n\t\t\t\t\t\t\t\t\t<span class=\"elementor-button-text\">CONOCER M\u00c1S<\/span>\n\t\t\t\t\t<\/span>\n\t\t\t\t\t<\/a>\n\t\t\t\t\t\t\t\t<\/div>\n\t\t\t\t<\/div>\n\t\t\t\t\t<\/div>\n\t\t\t\t<\/div>\n\t\t<div class=\"elementor-element elementor-element-16bea077 e-flex e-con-boxed e-con e-parent\" data-id=\"16bea077\" data-element_type=\"container\" data-e-type=\"container\" data-settings=\"{&quot;background_background&quot;:&quot;classic&quot;}\">\n\t\t\t\t\t<div class=\"e-con-inner\">\n\t\t<div class=\"elementor-element elementor-element-23b87eda e-con-full e-flex e-con e-child\" data-id=\"23b87eda\" data-element_type=\"container\" data-e-type=\"container\">\n\t\t\t\t<div class=\"elementor-element elementor-element-4bfc7078 elementor-widget__width-auto elementor-icon-list--layout-traditional elementor-list-item-link-full_width elementor-widget elementor-widget-icon-list\" data-id=\"4bfc7078\" data-element_type=\"widget\" data-e-type=\"widget\" data-widget_type=\"icon-list.default\">\n\t\t\t\t\t\t\t<ul class=\"elementor-icon-list-items\">\n\t\t\t\t\t\t\t<li class=\"elementor-icon-list-item\">\n\t\t\t\t\t\t\t\t\t\t\t<span class=\"elementor-icon-list-icon\">\n\t\t\t\t\t\t\t<i aria-hidden=\"true\" class=\"icon icon-car\"><\/i>\t\t\t\t\t\t<\/span>\n\t\t\t\t\t\t\t\t\t\t<span class=\"elementor-icon-list-text\">Nuestro Rumbo<\/span>\n\t\t\t\t\t\t\t\t\t<\/li>\n\t\t\t\t\t\t<\/ul>\n\t\t\t\t\t\t<\/div>\n\t\t\t\t<div class=\"elementor-element elementor-element-90de2bf elementor-headline--style-highlight elementor-widget elementor-widget-animated-headline\" data-id=\"90de2bf\" data-element_type=\"widget\" data-e-type=\"widget\" data-settings=\"{&quot;headline_style&quot;:&quot;highlight&quot;,&quot;marker&quot;:&quot;circle&quot;,&quot;loop&quot;:&quot;yes&quot;,&quot;highlight_animation_duration&quot;:1200,&quot;highlight_iteration_delay&quot;:8000}\" data-widget_type=\"animated-headline.default\">\n\t\t\t\t\t\t\t<h1 class=\"elementor-headline\">\n\t\t\t\t\t<span class=\"elementor-headline-plain-text elementor-headline-text-wrapper\">Misi\u00f3n<\/span>\n\t\t\t\t<span class=\"elementor-headline-dynamic-wrapper elementor-headline-text-wrapper\">\n\t\t\t\t<\/span>\n\t\t\t\t<\/h1>\n\t\t\t\t\t\t<\/div>\n\t\t\t\t<div class=\"elementor-element elementor-element-7a81368b elementor-widget elementor-widget-text-editor\" data-id=\"7a81368b\" data-element_type=\"widget\" data-e-type=\"widget\" data-widget_type=\"text-editor.default\">\n\t\t\t\t\t\t\t\t\t<p>Estamos comprometidos en ser una empresa que provee un ambiente seguro y de confianza, donde nuestros clientes disfruten de sus vacaciones o jornadas laborales. Ofrecemos veh\u00edculos modernos, c\u00f3modos y de alta calidad a un precio accesible.<\/p>\t\t\t\t\t\t\t\t<\/div>\n\t\t\t\t<div class=\"elementor-element elementor-element-37d9695 elementor-headline--style-highlight elementor-widget elementor-widget-animated-headline\" data-id=\"37d9695\" data-element_type=\"widget\" data-e-type=\"widget\" data-settings=\"{&quot;headline_style&quot;:&quot;highlight&quot;,&quot;marker&quot;:&quot;circle&quot;,&quot;loop&quot;:&quot;yes&quot;,&quot;highlight_animation_duration&quot;:1200,&quot;highlight_iteration_delay&quot;:8000}\" data-widget_type=\"animated-headline.default\">\n\t\t\t\t\t\t\t<h1 class=\"elementor-headline\">\n\t\t\t\t\t<span class=\"elementor-headline-plain-text elementor-headline-text-wrapper\">Visi\u00f3n<\/span>\n\t\t\t\t<span class=\"elementor-headline-dynamic-wrapper elementor-headline-text-wrapper\">\n\t\t\t\t<\/span>\n\t\t\t\t<\/h1>\n\t\t\t\t\t\t<\/div>\n\t\t\t\t<div class=\"elementor-element elementor-element-e4ff212 elementor-widget elementor-widget-text-editor\" data-id=\"e4ff212\" data-element_type=\"widget\" data-e-type=\"widget\" data-widget_type=\"text-editor.default\">\n\t\t\t\t\t\t\t\t\t<p>Dominar el sector de servicios de alquiler de veh\u00edculos en Nicaragua. Queremos innovar, ser referentes en el pa\u00eds y brindar total satisfacci\u00f3n al cliente a trav\u00e9s de la calidad y seguridad que ofrecen nuestros autos.<\/p>\t\t\t\t\t\t\t\t<\/div>\n\t\t\t\t<\/div>\n\t\t<div class=\"elementor-element elementor-element-1cd8965f e-con-full e-grid e-con e-child\" data-id=\"1cd8965f\" data-element_type=\"container\" data-e-type=\"container\">\n\t\t\t\t<div class=\"elementor-element elementor-element-3602585 elementor-widget elementor-widget-image\" data-id=\"3602585\" data-element_type=\"widget\" data-e-type=\"widget\" data-widget_type=\"image.default\">\n\t\t\t\t\t\t\t\t\t\t\t\t\t\t\t<img fetchpriority=\"high\" decoding=\"async\" width=\"600\" height=\"600\" src=\"https:\/\/lago.cleverinstance.com\/wp-content\/uploads\/2026\/03\/Driver-2-qvefeimve49km6bvtyg693h2fm1oeijfh8hz4djxio-2-4.jpg\" class=\"attachment-full size-full wp-image-27\" alt=\"\" srcset=\"https:\/\/lago.cleverinstance.com\/wp-content\/uploads\/2026\/03\/Driver-2-qvefeimve49km6bvtyg693h2fm1oeijfh8hz4djxio-2-4.jpg 600w, https:\/\/lago.cleverinstance.com\/wp-content\/uploads\/2026\/03\/Driver-2-qvefeimve49km6bvtyg693h2fm1oeijfh8hz4djxio-2-4-300x300.jpg 300w, https:\/\/lago.cleverinstance.com\/wp-content\/uploads\/2026\/03\/Driver-2-qvefeimve49km6bvtyg693h2fm1oeijfh8hz4djxio-2-4-150x150.jpg 150w\" sizes=\"(max-width: 600px) 100vw, 600px\" \/>\t\t\t\t\t\t\t\t\t\t\t\t\t\t\t<\/div>\n\t\t\t\t<div class=\"elementor-element elementor-element-412c669 elementor-widget elementor-widget-image\" data-id=\"412c669\" data-element_type=\"widget\" data-e-type=\"widget\" data-widget_type=\"image.default\">\n\t\t\t\t\t\t\t\t\t\t\t\t\t\t\t<img decoding=\"async\" width=\"800\" height=\"800\" src=\"https:\/\/lago.cleverinstance.com\/wp-content\/uploads\/2026\/03\/0111-1024x1024-1.jpg\" class=\"attachment-large size-large wp-image-251\" alt=\"\" srcset=\"https:\/\/lago.cleverinstance.com\/wp-content\/uploads\/2026\/03\/0111-1024x1024-1.jpg 1024w, https:\/\/lago.cleverinstance.com\/wp-content\/uploads\/2026\/03\/0111-1024x1024-1-300x300.jpg 300w, https:\/\/lago.cleverinstance.com\/wp-content\/uploads\/2026\/03\/0111-1024x1024-1-150x150.jpg 150w, https:\/\/lago.cleverinstance.com\/wp-content\/uploads\/2026\/03\/0111-1024x1024-1-768x768.jpg 768w\" sizes=\"(max-width: 800px) 100vw, 800px\" \/>\t\t\t\t\t\t\t\t\t\t\t\t\t\t\t<\/div>\n\t\t\t\t<div class=\"elementor-element elementor-element-f9bdebc elementor-widget elementor-widget-image\" data-id=\"f9bdebc\" data-element_type=\"widget\" data-e-type=\"widget\" data-widget_type=\"image.default\">\n\t\t\t\t\t\t\t\t\t\t\t\t\t\t\t<img decoding=\"async\" width=\"800\" height=\"800\" src=\"https:\/\/lago.cleverinstance.com\/wp-content\/uploads\/2026\/03\/0111-2-1024x1024-1.jpg\" class=\"attachment-large size-large wp-image-250\" alt=\"\" srcset=\"https:\/\/lago.cleverinstance.com\/wp-content\/uploads\/2026\/03\/0111-2-1024x1024-1.jpg 1024w, https:\/\/lago.cleverinstance.com\/wp-content\/uploads\/2026\/03\/0111-2-1024x1024-1-300x300.jpg 300w, https:\/\/lago.cleverinstance.com\/wp-content\/uploads\/2026\/03\/0111-2-1024x1024-1-150x150.jpg 150w, https:\/\/lago.cleverinstance.com\/wp-content\/uploads\/2026\/03\/0111-2-1024x1024-1-768x768.jpg 768w\" sizes=\"(max-width: 800px) 100vw, 800px\" \/>\t\t\t\t\t\t\t\t\t\t\t\t\t\t\t<\/div>\n\t\t\t\t<div class=\"elementor-element elementor-element-ec79b87 elementor-widget elementor-widget-image\" data-id=\"ec79b87\" data-element_type=\"widget\" data-e-type=\"widget\" data-widget_type=\"image.default\">\n\t\t\t\t\t\t\t\t\t\t\t\t\t\t\t<img loading=\"lazy\" decoding=\"async\" width=\"600\" height=\"600\" src=\"https:\/\/lago.cleverinstance.com\/wp-content\/uploads\/2026\/03\/Driver-2-qvefeimve49km6bvtyg693h2fm1oeijfh8hz4djxio-2-2.jpg\" class=\"attachment-large size-large wp-image-30\" alt=\"\" srcset=\"https:\/\/lago.cleverinstance.com\/wp-content\/uploads\/2026\/03\/Driver-2-qvefeimve49km6bvtyg693h2fm1oeijfh8hz4djxio-2-2.jpg 600w, https:\/\/lago.cleverinstance.com\/wp-content\/uploads\/2026\/03\/Driver-2-qvefeimve49km6bvtyg693h2fm1oeijfh8hz4djxio-2-2-300x300.jpg 300w, https:\/\/lago.cleverinstance.com\/wp-content\/uploads\/2026\/03\/Driver-2-qvefeimve49km6bvtyg693h2fm1oeijfh8hz4djxio-2-2-150x150.jpg 150w\" sizes=\"(max-width: 600px) 100vw, 600px\" \/>\t\t\t\t\t\t\t\t\t\t\t\t\t\t\t<\/div>\n\t\t\t\t<\/div>\n\t\t\t\t\t<\/div>\n\t\t\t\t<\/div>\n\t\t<div class=\"elementor-element elementor-element-5032f0b1 e-flex e-con-boxed e-con e-parent\" data-id=\"5032f0b1\" data-element_type=\"container\" data-e-type=\"container\" data-settings=\"{&quot;background_background&quot;:&quot;classic&quot;}\">\n\t\t\t\t\t<div class=\"e-con-inner\">\n\t\t<div class=\"elementor-element elementor-element-493e9581 e-con-full e-flex e-con e-child\" data-id=\"493e9581\" data-element_type=\"container\" data-e-type=\"container\" data-settings=\"{&quot;background_background&quot;:&quot;classic&quot;}\">\n\t\t<div class=\"elementor-element elementor-element-3fc3ca75 e-con-full e-flex e-con e-child\" data-id=\"3fc3ca75\" data-element_type=\"container\" data-e-type=\"container\">\n\t\t\t\t<div class=\"elementor-element elementor-element-6e14c5ab elementor-widget__width-auto elementor-align-center elementor-tablet-align-center elementor-icon-list--layout-traditional elementor-list-item-link-full_width elementor-widget elementor-widget-icon-list\" data-id=\"6e14c5ab\" data-element_type=\"widget\" data-e-type=\"widget\" data-widget_type=\"icon-list.default\">\n\t\t\t\t\t\t\t<ul class=\"elementor-icon-list-items\">\n\t\t\t\t\t\t\t<li class=\"elementor-icon-list-item\">\n\t\t\t\t\t\t\t\t\t\t\t<span class=\"elementor-icon-list-icon\">\n\t\t\t\t\t\t\t<i aria-hidden=\"true\" class=\"icon icon-car\"><\/i>\t\t\t\t\t\t<\/span>\n\t\t\t\t\t\t\t\t\t\t<span class=\"elementor-icon-list-text\">Reserva ya<\/span>\n\t\t\t\t\t\t\t\t\t<\/li>\n\t\t\t\t\t\t<\/ul>\n\t\t\t\t\t\t<\/div>\n\t\t\t\t<div class=\"elementor-element elementor-element-594f962 elementor-widget__width-initial elementor-headline--style-highlight elementor-widget elementor-widget-animated-headline\" data-id=\"594f962\" data-element_type=\"widget\" data-e-type=\"widget\" data-settings=\"{&quot;highlighted_text&quot;:&quot;Viaje&quot;,&quot;headline_style&quot;:&quot;highlight&quot;,&quot;marker&quot;:&quot;circle&quot;,&quot;loop&quot;:&quot;yes&quot;,&quot;highlight_animation_duration&quot;:1200,&quot;highlight_iteration_delay&quot;:8000}\" data-widget_type=\"animated-headline.default\">\n\t\t\t\t\t\t\t<h2 class=\"elementor-headline\">\n\t\t\t\t\t<span class=\"elementor-headline-plain-text elementor-headline-text-wrapper\">Disfruta del<\/span>\n\t\t\t\t<span class=\"elementor-headline-dynamic-wrapper elementor-headline-text-wrapper\">\n\t\t\t\t\t<span class=\"elementor-headline-dynamic-text elementor-headline-text-active\">Viaje<\/span>\n\t\t\t\t<\/span>\n\t\t\t\t\t<span class=\"elementor-headline-plain-text elementor-headline-text-wrapper\">que te Mereces<\/span>\n\t\t\t\t\t<\/h2>\n\t\t\t\t\t\t<\/div>\n\t\t\t\t<div class=\"elementor-element elementor-element-6783203e elementor-widget-divider--view-line elementor-widget elementor-widget-divider\" data-id=\"6783203e\" data-element_type=\"widget\" data-e-type=\"widget\" data-widget_type=\"divider.default\">\n\t\t\t\t\t\t\t<div class=\"elementor-divider\">\n\t\t\t<span class=\"elementor-divider-separator\">\n\t\t\t\t\t\t<\/span>\n\t\t<\/div>\n\t\t\t\t\t\t<\/div>\n\t\t\t\t<div class=\"elementor-element elementor-element-7cc48779 elementor-widget elementor-widget-text-editor\" data-id=\"7cc48779\" data-element_type=\"widget\" data-e-type=\"widget\" data-widget_type=\"text-editor.default\">\n\t\t\t\t\t\t\t\t\t<blockquote><p>Ya sea para unas vacaciones inolvidables o un viaje de negocios exitoso, en Lago Renta Car tenemos la soluci\u00f3n de movilidad perfecta para ti. Viaja seguro, c\u00f3modo y a tu propio ritmo por toda Nicaragua.<\/p><\/blockquote>\t\t\t\t\t\t\t\t<\/div>\n\t\t\t\t<\/div>\n\t\t\t\t<\/div>\n\t\t\t\t\t<\/div>\n\t\t\t\t<\/div>\n\t\t\t\t<\/div>\n\t\t","protected":false},"excerpt":{"rendered":"<p>Nosotros [\u00a0LAGO RENT A CAR ] Sobre nosotros El Mejor Servicio de Alquiler de Veh\u00edculos que puedes encontrar En LAGO Rent a Car nos enfocamos en tus necesidades al momento de rentar un veh\u00edculo. Sabemos que alquilar un auto en el extranjero puede ser engorroso, por lo que hacer de tu viaje una experiencia fluida [&hellip;]<\/p>\n","protected":false},"author":1,"featured_media":0,"parent":0,"menu_order":0,"comment_status":"closed","ping_status":"closed","template":"","meta":{"footnotes":""},"class_list":["post-235","page","type-page","status-publish","hentry"],"_hostinger_reach_plugin_has_subscription_block":false,"_hostinger_reach_plugin_is_elementor":false,"_links":{"self":[{"href":"https:\/\/lago.cleverinstance.com\/en\/wp-json\/wp\/v2\/pages\/235","targetHints":{"allow":["GET"]}}],"collection":[{"href":"https:\/\/lago.cleverinstance.com\/en\/wp-json\/wp\/v2\/pages"}],"about":[{"href":"https:\/\/lago.cleverinstance.com\/en\/wp-json\/wp\/v2\/types\/page"}],"author":[{"embeddable":true,"href":"https:\/\/lago.cleverinstance.com\/en\/wp-json\/wp\/v2\/users\/1"}],"replies":[{"embeddable":true,"href":"https:\/\/lago.cleverinstance.com\/en\/wp-json\/wp\/v2\/comments?post=235"}],"version-history":[{"count":52,"href":"https:\/\/lago.cleverinstance.com\/en\/wp-json\/wp\/v2\/pages\/235\/revisions"}],"predecessor-version":[{"id":782,"href":"https:\/\/lago.cleverinstance.com\/en\/wp-json\/wp\/v2\/pages\/235\/revisions\/782"}],"wp:attachment":[{"href":"https:\/\/lago.cleverinstance.com\/en\/wp-json\/wp\/v2\/media?parent=235"}],"curies":[{"name":"wp","href":"https:\/\/api.w.org\/{rel}","templated":true}]}}